{"id":6728,"date":"2022-11-17T09:42:04","date_gmt":"2023-12-04T10:55:33","guid":{"rendered":"https:\/\/optipos.net\/?post_type=product&#038;p=6728"},"modified":"2023-12-20T08:57:50","modified_gmt":"2023-12-20T07:57:50","slug":"mobilni-pos-pisac-sp-t12-bez-torbice","status":"publish","type":"product","link":"https:\/\/www.optipos.net\/hr\/product\/mobilni-pos-pisac-sp-t12-bez-torbice\/","title":{"rendered":"Mobilni POS pisa\u010d SP T12, bez torbice"},"content":{"rendered":"<p>Baterijski mobilni BT POS pisa\u010d, termalni, \u0161irina ispisa 58 mm, 40 znakova redu, najve\u010di promjer termo rolice je 30 mm.\u00a0 Mogu\u0107nost kupnje dodatne baterije i punja\u010da dodatne baterije. Dimenzije pisa\u010da samo 102 x 108 x 50 mm, masa 340 g. Pisa\u010d je kompatibilan sa pametnim aparatima, koji koriste Android, i sa Windows i Linux OS..<\/p>\n","protected":false},"excerpt":{"rendered":"<p>Baterijski mobilni BT POS pisa\u010d, termalni, \u0161irina ispisa 58 mm, 40 znakova redu, najve\u010di promjer termo rolice je 30 mm.\u00a0 Mogu\u0107nost kupnje dodatne baterije i punja\u010da dodatne baterije. Dimenzije pisa\u010da samo 102 x 108 x 50 mm, masa 340 g. Pisa\u010d je kompatibilan sa pametnim aparatima, koji koriste Android, i sa Windows i Linux OS..<\/p>\n","protected":false},"featured_media":6767,"template":"","meta":{"site-sidebar-layout":"default","site-content-layout":"default","ast-site-content-layout":"default","site-content-style":"default","site-sidebar-style":"default","ast-global-header-display":"","ast-banner-title-visibility":"","ast-main-header-display":"","ast-hfb-above-header-display":"","ast-hfb-below-header-display":"","ast-hfb-mobile-header-display":"","site-post-title":"","ast-breadcrumbs-content":"","ast-featured-img":"","footer-sml-layout":"","ast-disable-related-posts":"","theme-transparent-header-meta":"default","adv-header-id-meta":"","stick-header-meta":"","header-above-stick-meta":"","header-main-stick-meta":"","header-below-stick-meta":"","astra-migrate-meta-layouts":"set","ast-page-background-enabled":"default","ast-page-background-meta":{"desktop":{"background-color":"","background-image":"","background-repeat":"repeat","background-position":"center center","background-size":"auto","background-attachment":"scroll","background-type":"","background-media":"","overlay-type":"","overlay-color":"","overlay-opacity":"","overlay-gradient":""},"tablet":{"background-color":"","background-image":"","background-repeat":"repeat","background-position":"center center","background-size":"auto","background-attachment":"scroll","background-type":"","background-media":"","overlay-type":"","overlay-color":"","overlay-opacity":"","overlay-gradient":""},"mobile":{"background-color":"","background-image":"","background-repeat":"repeat","background-position":"center center","background-size":"auto","background-attachment":"scroll","background-type":"","background-media":"","overlay-type":"","overlay-color":"","overlay-opacity":"","overlay-gradient":""}},"ast-content-background-meta":{"desktop":{"background-color":"var(--ast-global-color-5)","background-image":"","background-repeat":"repeat","background-position":"center center","background-size":"auto","background-attachment":"scroll","background-type":"","background-media":"","overlay-type":"","overlay-color":"","overlay-opacity":"","overlay-gradient":""},"tablet":{"background-color":"var(--ast-global-color-5)","background-image":"","background-repeat":"repeat","background-position":"center center","background-size":"auto","background-attachment":"scroll","background-type":"","background-media":"","overlay-type":"","overlay-color":"","overlay-opacity":"","overlay-gradient":""},"mobile":{"background-color":"var(--ast-global-color-5)","background-image":"","background-repeat":"repeat","background-position":"center center","background-size":"auto","background-attachment":"scroll","background-type":"","background-media":"","overlay-type":"","overlay-color":"","overlay-opacity":"","overlay-gradient":""}}},"product_brand":[],"product_cat":[99],"product_tag":[],"class_list":{"0":"post-6728","1":"product","2":"type-product","3":"status-publish","4":"has-post-thumbnail","6":"product_cat-pos-pisaci","7":"desktop-align-left","8":"tablet-align-left","9":"mobile-align-left","11":"first","12":"instock","13":"taxable","14":"shipping-taxable","15":"purchasable","16":"product-type-simple"},"yoast_head":"<!-- This site is optimized with the Yoast SEO Premium plugin v24.8 (Yoast SEO v27.3) - https:\/\/yoast.com\/product\/yoast-seo-premium-wordpress\/ -->\n<title>Mobilni POS pisa\u010d SP T12, bez torbice - Optipos<\/title>\n<meta name=\"robots\" content=\"index, follow, max-snippet:-1, max-image-preview:large, max-video-preview:-1\" \/>\n<link rel=\"canonical\" href=\"https:\/\/www.optipos.net\/hr\/product\/mobilni-pos-pisac-sp-t12-bez-torbice\/\" \/>\n<meta property=\"og:locale\" content=\"hr_HR\" \/>\n<meta property=\"og:type\" content=\"article\" \/>\n<meta property=\"og:title\" content=\"Mobilni POS pisa\u010d SP T12, bez torbice\" \/>\n<meta property=\"og:description\" content=\"Baterijski mobilni BT POS pisa\u010d, termalni, \u0161irina ispisa 58 mm, 40 znakova redu, najve\u010di promjer termo rolice je 30 mm.\u00a0 Mogu\u0107nost kupnje dodatne baterije i punja\u010da dodatne baterije. Dimenzije pisa\u010da samo 102 x 108 x 50 mm, masa 340 g. Pisa\u010d je kompatibilan sa pametnim aparatima, koji koriste Android, i sa Windows i Linux OS..\" \/>\n<meta property=\"og:url\" content=\"https:\/\/www.optipos.net\/hr\/product\/mobilni-pos-pisac-sp-t12-bez-torbice\/\" \/>\n<meta property=\"og:site_name\" content=\"Optipos\" \/>\n<meta property=\"article:modified_time\" content=\"2023-12-20T07:57:50+00:00\" \/>\n<meta property=\"og:image\" content=\"https:\/\/www.optipos.net\/wp-content\/uploads\/2022\/11\/033SPT1UB-_mobilni.jpg\" \/>\n\t<meta property=\"og:image:width\" content=\"625\" \/>\n\t<meta property=\"og:image:height\" content=\"527\" \/>\n\t<meta property=\"og:image:type\" content=\"image\/jpeg\" \/>\n<meta name=\"twitter:card\" content=\"summary_large_image\" \/>\n<meta name=\"twitter:label1\" content=\"Procijenjeno vrijeme \u010ditanja\" \/>\n\t<meta name=\"twitter:data1\" content=\"1 minuta\" \/>\n<script type=\"application\/ld+json\" class=\"yoast-schema-graph\">{\"@context\":\"https:\\\/\\\/schema.org\",\"@graph\":[{\"@type\":\"WebPage\",\"@id\":\"https:\\\/\\\/www.optipos.net\\\/hr\\\/product\\\/mobilni-pos-pisac-sp-t12-bez-torbice\\\/\",\"url\":\"https:\\\/\\\/www.optipos.net\\\/hr\\\/product\\\/mobilni-pos-pisac-sp-t12-bez-torbice\\\/\",\"name\":\"Mobilni POS pisa\u010d SP T12, bez torbice - Optipos\",\"isPartOf\":{\"@id\":\"https:\\\/\\\/www.optipos.net\\\/hr\\\/#website\"},\"primaryImageOfPage\":{\"@id\":\"https:\\\/\\\/www.optipos.net\\\/hr\\\/product\\\/mobilni-pos-pisac-sp-t12-bez-torbice\\\/#primaryimage\"},\"image\":{\"@id\":\"https:\\\/\\\/www.optipos.net\\\/hr\\\/product\\\/mobilni-pos-pisac-sp-t12-bez-torbice\\\/#primaryimage\"},\"thumbnailUrl\":\"https:\\\/\\\/www.optipos.net\\\/wp-content\\\/uploads\\\/2022\\\/11\\\/033SPT1UB-_mobilni.jpg\",\"datePublished\":\"2023-12-04T10:55:33+00:00\",\"dateModified\":\"2023-12-20T07:57:50+00:00\",\"breadcrumb\":{\"@id\":\"https:\\\/\\\/www.optipos.net\\\/hr\\\/product\\\/mobilni-pos-pisac-sp-t12-bez-torbice\\\/#breadcrumb\"},\"inLanguage\":\"hr\",\"potentialAction\":[{\"@type\":\"ReadAction\",\"target\":[\"https:\\\/\\\/www.optipos.net\\\/hr\\\/product\\\/mobilni-pos-pisac-sp-t12-bez-torbice\\\/\"]}]},{\"@type\":\"ImageObject\",\"inLanguage\":\"hr\",\"@id\":\"https:\\\/\\\/www.optipos.net\\\/hr\\\/product\\\/mobilni-pos-pisac-sp-t12-bez-torbice\\\/#primaryimage\",\"url\":\"https:\\\/\\\/www.optipos.net\\\/wp-content\\\/uploads\\\/2022\\\/11\\\/033SPT1UB-_mobilni.jpg\",\"contentUrl\":\"https:\\\/\\\/www.optipos.net\\\/wp-content\\\/uploads\\\/2022\\\/11\\\/033SPT1UB-_mobilni.jpg\",\"width\":625,\"height\":527},{\"@type\":\"BreadcrumbList\",\"@id\":\"https:\\\/\\\/www.optipos.net\\\/hr\\\/product\\\/mobilni-pos-pisac-sp-t12-bez-torbice\\\/#breadcrumb\",\"itemListElement\":[{\"@type\":\"ListItem\",\"position\":1,\"name\":\"Home\",\"item\":\"https:\\\/\\\/www.optipos.net\\\/hr\\\/\"},{\"@type\":\"ListItem\",\"position\":2,\"name\":\"Shop\",\"item\":\"https:\\\/\\\/www.optipos.net\\\/hr\\\/shop\\\/\"},{\"@type\":\"ListItem\",\"position\":3,\"name\":\"Mobilni POS pisa\u010d SP T12, bez torbice\"}]},{\"@type\":\"WebSite\",\"@id\":\"https:\\\/\\\/www.optipos.net\\\/hr\\\/#website\",\"url\":\"https:\\\/\\\/www.optipos.net\\\/hr\\\/\",\"name\":\"Optipos\",\"description\":\"Blagajne\",\"publisher\":{\"@id\":\"https:\\\/\\\/www.optipos.net\\\/hr\\\/#organization\"},\"potentialAction\":[{\"@type\":\"SearchAction\",\"target\":{\"@type\":\"EntryPoint\",\"urlTemplate\":\"https:\\\/\\\/www.optipos.net\\\/hr\\\/?s={search_term_string}\"},\"query-input\":{\"@type\":\"PropertyValueSpecification\",\"valueRequired\":true,\"valueName\":\"search_term_string\"}}],\"inLanguage\":\"hr\"},{\"@type\":\"Organization\",\"@id\":\"https:\\\/\\\/www.optipos.net\\\/hr\\\/#organization\",\"name\":\"Optipos\",\"url\":\"https:\\\/\\\/www.optipos.net\\\/hr\\\/\",\"logo\":{\"@type\":\"ImageObject\",\"inLanguage\":\"hr\",\"@id\":\"https:\\\/\\\/www.optipos.net\\\/hr\\\/#\\\/schema\\\/logo\\\/image\\\/\",\"url\":\"https:\\\/\\\/www.optipos.net\\\/wp-content\\\/uploads\\\/2020\\\/03\\\/logotip_optipos_1.svg\",\"contentUrl\":\"https:\\\/\\\/www.optipos.net\\\/wp-content\\\/uploads\\\/2020\\\/03\\\/logotip_optipos_1.svg\",\"width\":240,\"height\":49,\"caption\":\"Optipos\"},\"image\":{\"@id\":\"https:\\\/\\\/www.optipos.net\\\/hr\\\/#\\\/schema\\\/logo\\\/image\\\/\"}}]}<\/script>\n<!-- \/ Yoast SEO Premium plugin. -->","yoast_head_json":{"title":"Mobilni POS pisa\u010d SP T12, bez torbice - Optipos","robots":{"index":"index","follow":"follow","max-snippet":"max-snippet:-1","max-image-preview":"max-image-preview:large","max-video-preview":"max-video-preview:-1"},"canonical":"https:\/\/www.optipos.net\/hr\/product\/mobilni-pos-pisac-sp-t12-bez-torbice\/","og_locale":"hr_HR","og_type":"article","og_title":"Mobilni POS pisa\u010d SP T12, bez torbice","og_description":"Baterijski mobilni BT POS pisa\u010d, termalni, \u0161irina ispisa 58 mm, 40 znakova redu, najve\u010di promjer termo rolice je 30 mm.\u00a0 Mogu\u0107nost kupnje dodatne baterije i punja\u010da dodatne baterije. Dimenzije pisa\u010da samo 102 x 108 x 50 mm, masa 340 g. Pisa\u010d je kompatibilan sa pametnim aparatima, koji koriste Android, i sa Windows i Linux OS..","og_url":"https:\/\/www.optipos.net\/hr\/product\/mobilni-pos-pisac-sp-t12-bez-torbice\/","og_site_name":"Optipos","article_modified_time":"2023-12-20T07:57:50+00:00","og_image":[{"width":625,"height":527,"url":"https:\/\/www.optipos.net\/wp-content\/uploads\/2022\/11\/033SPT1UB-_mobilni.jpg","type":"image\/jpeg"}],"twitter_card":"summary_large_image","twitter_misc":{"Procijenjeno vrijeme \u010ditanja":"1 minuta"},"schema":{"@context":"https:\/\/schema.org","@graph":[{"@type":"WebPage","@id":"https:\/\/www.optipos.net\/hr\/product\/mobilni-pos-pisac-sp-t12-bez-torbice\/","url":"https:\/\/www.optipos.net\/hr\/product\/mobilni-pos-pisac-sp-t12-bez-torbice\/","name":"Mobilni POS pisa\u010d SP T12, bez torbice - Optipos","isPartOf":{"@id":"https:\/\/www.optipos.net\/hr\/#website"},"primaryImageOfPage":{"@id":"https:\/\/www.optipos.net\/hr\/product\/mobilni-pos-pisac-sp-t12-bez-torbice\/#primaryimage"},"image":{"@id":"https:\/\/www.optipos.net\/hr\/product\/mobilni-pos-pisac-sp-t12-bez-torbice\/#primaryimage"},"thumbnailUrl":"https:\/\/www.optipos.net\/wp-content\/uploads\/2022\/11\/033SPT1UB-_mobilni.jpg","datePublished":"2023-12-04T10:55:33+00:00","dateModified":"2023-12-20T07:57:50+00:00","breadcrumb":{"@id":"https:\/\/www.optipos.net\/hr\/product\/mobilni-pos-pisac-sp-t12-bez-torbice\/#breadcrumb"},"inLanguage":"hr","potentialAction":[{"@type":"ReadAction","target":["https:\/\/www.optipos.net\/hr\/product\/mobilni-pos-pisac-sp-t12-bez-torbice\/"]}]},{"@type":"ImageObject","inLanguage":"hr","@id":"https:\/\/www.optipos.net\/hr\/product\/mobilni-pos-pisac-sp-t12-bez-torbice\/#primaryimage","url":"https:\/\/www.optipos.net\/wp-content\/uploads\/2022\/11\/033SPT1UB-_mobilni.jpg","contentUrl":"https:\/\/www.optipos.net\/wp-content\/uploads\/2022\/11\/033SPT1UB-_mobilni.jpg","width":625,"height":527},{"@type":"BreadcrumbList","@id":"https:\/\/www.optipos.net\/hr\/product\/mobilni-pos-pisac-sp-t12-bez-torbice\/#breadcrumb","itemListElement":[{"@type":"ListItem","position":1,"name":"Home","item":"https:\/\/www.optipos.net\/hr\/"},{"@type":"ListItem","position":2,"name":"Shop","item":"https:\/\/www.optipos.net\/hr\/shop\/"},{"@type":"ListItem","position":3,"name":"Mobilni POS pisa\u010d SP T12, bez torbice"}]},{"@type":"WebSite","@id":"https:\/\/www.optipos.net\/hr\/#website","url":"https:\/\/www.optipos.net\/hr\/","name":"Optipos","description":"Blagajne","publisher":{"@id":"https:\/\/www.optipos.net\/hr\/#organization"},"potentialAction":[{"@type":"SearchAction","target":{"@type":"EntryPoint","urlTemplate":"https:\/\/www.optipos.net\/hr\/?s={search_term_string}"},"query-input":{"@type":"PropertyValueSpecification","valueRequired":true,"valueName":"search_term_string"}}],"inLanguage":"hr"},{"@type":"Organization","@id":"https:\/\/www.optipos.net\/hr\/#organization","name":"Optipos","url":"https:\/\/www.optipos.net\/hr\/","logo":{"@type":"ImageObject","inLanguage":"hr","@id":"https:\/\/www.optipos.net\/hr\/#\/schema\/logo\/image\/","url":"https:\/\/www.optipos.net\/wp-content\/uploads\/2020\/03\/logotip_optipos_1.svg","contentUrl":"https:\/\/www.optipos.net\/wp-content\/uploads\/2020\/03\/logotip_optipos_1.svg","width":240,"height":49,"caption":"Optipos"},"image":{"@id":"https:\/\/www.optipos.net\/hr\/#\/schema\/logo\/image\/"}}]}},"_links":{"self":[{"href":"https:\/\/www.optipos.net\/hr\/wp-json\/wp\/v2\/product\/6728","targetHints":{"allow":["GET"]}}],"collection":[{"href":"https:\/\/www.optipos.net\/hr\/wp-json\/wp\/v2\/product"}],"about":[{"href":"https:\/\/www.optipos.net\/hr\/wp-json\/wp\/v2\/types\/product"}],"wp:featuredmedia":[{"embeddable":true,"href":"https:\/\/www.optipos.net\/hr\/wp-json\/wp\/v2\/media\/6767"}],"wp:attachment":[{"href":"https:\/\/www.optipos.net\/hr\/wp-json\/wp\/v2\/media?parent=6728"}],"wp:term":[{"taxonomy":"product_brand","embeddable":true,"href":"https:\/\/www.optipos.net\/hr\/wp-json\/wp\/v2\/product_brand?post=6728"},{"taxonomy":"product_cat","embeddable":true,"href":"https:\/\/www.optipos.net\/hr\/wp-json\/wp\/v2\/product_cat?post=6728"},{"taxonomy":"product_tag","embeddable":true,"href":"https:\/\/www.optipos.net\/hr\/wp-json\/wp\/v2\/product_tag?post=6728"}],"curies":[{"name":"wp","href":"https:\/\/api.w.org\/{rel}","templated":true}]}}