{"id":1974,"date":"2020-05-21T14:01:45","date_gmt":"2020-05-21T12:01:45","guid":{"rendered":"https:\/\/optipos.net\/product\/mobilni-pos-pisac-optipos-mobi3-80\/"},"modified":"2020-09-10T11:56:58","modified_gmt":"2020-09-10T09:56:58","slug":"mobilni-pos-pisac-optipos-mobi3-80","status":"publish","type":"product","link":"https:\/\/www.optipos.net\/hr\/product\/mobilni-pos-pisac-optipos-mobi3-80\/","title":{"rendered":"Mobilni POS pisa\u010d OPTIPOS MOBI3 80"},"content":{"rendered":"<p>Moderan BT mobilni POS pisa\u010d OPTIPOS MOBI3 za svestranu uporabu. Namjenjen mobilnim aplikacijama, kao primjerice konobarsko naru\u010divanje i zara\u010dunavanje, mobilna prodaja i drugo. Ispis termo \u0161irine 80 mm. U kompletu baterija, adapter za napajanje i sponka za no\u0161enje oko pasa. Baterija se jenostavno mijenja i puni. \u00bbDrop-In\u00ab sistem stavljanja papirne trake. Brzina ispisa do 60 mm\/sek. Termo rolica promjera do 40 mm, grafi\u010dni logo. Dimenzije 113 x 103 x 45 mm, masa sa baterijom i termo rolicom SAMO 335 g.<\/p>\n","protected":false},"excerpt":{"rendered":"<p>Prijenosni POS pisa\u010d OPTIPOS MOBI3 80 mm, USB\/BT sa baterijom i punja\u010dem.<\/p>\n","protected":false},"featured_media":1586,"template":"","meta":{"site-sidebar-layout":"default","site-content-layout":"default","ast-site-content-layout":"default","site-content-style":"default","site-sidebar-style":"default","ast-global-header-display":"","ast-banner-title-visibility":"","ast-main-header-display":"","ast-hfb-above-header-display":"","ast-hfb-below-header-display":"","ast-hfb-mobile-header-display":"","site-post-title":"","ast-breadcrumbs-content":"","ast-featured-img":"","footer-sml-layout":"","ast-disable-related-posts":"","theme-transparent-header-meta":"default","adv-header-id-meta":"","stick-header-meta":"","header-above-stick-meta":"","header-main-stick-meta":"","header-below-stick-meta":"","astra-migrate-meta-layouts":"default","ast-page-background-enabled":"default","ast-page-background-meta":{"desktop":{"background-color":"","background-image":"","background-repeat":"repeat","background-position":"center center","background-size":"auto","background-attachment":"scroll","background-type":"","background-media":"","overlay-type":"","overlay-color":"","overlay-opacity":"","overlay-gradient":""},"tablet":{"background-color":"","background-image":"","background-repeat":"repeat","background-position":"center center","background-size":"auto","background-attachment":"scroll","background-type":"","background-media":"","overlay-type":"","overlay-color":"","overlay-opacity":"","overlay-gradient":""},"mobile":{"background-color":"","background-image":"","background-repeat":"repeat","background-position":"center center","background-size":"auto","background-attachment":"scroll","background-type":"","background-media":"","overlay-type":"","overlay-color":"","overlay-opacity":"","overlay-gradient":""}},"ast-content-background-meta":{"desktop":{"background-color":"var(--ast-global-color-5)","background-image":"","background-repeat":"repeat","background-position":"center center","background-size":"auto","background-attachment":"scroll","background-type":"","background-media":"","overlay-type":"","overlay-color":"","overlay-opacity":"","overlay-gradient":""},"tablet":{"background-color":"var(--ast-global-color-5)","background-image":"","background-repeat":"repeat","background-position":"center center","background-size":"auto","background-attachment":"scroll","background-type":"","background-media":"","overlay-type":"","overlay-color":"","overlay-opacity":"","overlay-gradient":""},"mobile":{"background-color":"var(--ast-global-color-5)","background-image":"","background-repeat":"repeat","background-position":"center center","background-size":"auto","background-attachment":"scroll","background-type":"","background-media":"","overlay-type":"","overlay-color":"","overlay-opacity":"","overlay-gradient":""}}},"product_brand":[],"product_cat":[99],"product_tag":[],"class_list":{"0":"post-1974","1":"product","2":"type-product","3":"status-publish","4":"has-post-thumbnail","6":"product_cat-pos-pisaci","7":"desktop-align-left","8":"tablet-align-left","9":"mobile-align-left","11":"first","12":"instock","13":"taxable","14":"shipping-taxable","15":"purchasable","16":"product-type-simple"},"yoast_head":"<!-- This site is optimized with the Yoast SEO Premium plugin v24.8 (Yoast SEO v27.3) - https:\/\/yoast.com\/product\/yoast-seo-premium-wordpress\/ -->\n<title>Mobilni POS pisa\u010d OPTIPOS MOBI3 80<\/title>\n<meta name=\"description\" content=\"Mobilni POS pisa\u010d OPTIPOS MOBI3 80\" \/>\n<meta name=\"robots\" content=\"index, follow, max-snippet:-1, max-image-preview:large, max-video-preview:-1\" \/>\n<link rel=\"canonical\" href=\"https:\/\/www.optipos.net\/hr\/product\/mobilni-pos-pisac-optipos-mobi3-80\/\" \/>\n<meta property=\"og:locale\" content=\"hr_HR\" \/>\n<meta property=\"og:type\" content=\"article\" \/>\n<meta property=\"og:title\" content=\"Mobilni POS pisa\u010d OPTIPOS MOBI3 80\" \/>\n<meta property=\"og:description\" content=\"Mobilni POS pisa\u010d OPTIPOS MOBI3 80\" \/>\n<meta property=\"og:url\" content=\"https:\/\/www.optipos.net\/hr\/product\/mobilni-pos-pisac-optipos-mobi3-80\/\" \/>\n<meta property=\"og:site_name\" content=\"Optipos\" \/>\n<meta property=\"article:modified_time\" content=\"2020-09-10T09:56:58+00:00\" \/>\n<meta property=\"og:image\" content=\"https:\/\/www.optipos.net\/wp-content\/uploads\/2020\/05\/031080RPP300BU_MOBI3.jpg\" \/>\n\t<meta property=\"og:image:width\" content=\"661\" \/>\n\t<meta property=\"og:image:height\" content=\"661\" \/>\n\t<meta property=\"og:image:type\" content=\"image\/jpeg\" \/>\n<meta name=\"twitter:card\" content=\"summary_large_image\" \/>\n<script type=\"application\/ld+json\" class=\"yoast-schema-graph\">{\"@context\":\"https:\\\/\\\/schema.org\",\"@graph\":[{\"@type\":\"WebPage\",\"@id\":\"https:\\\/\\\/www.optipos.net\\\/hr\\\/product\\\/mobilni-pos-pisac-optipos-mobi3-80\\\/\",\"url\":\"https:\\\/\\\/www.optipos.net\\\/hr\\\/product\\\/mobilni-pos-pisac-optipos-mobi3-80\\\/\",\"name\":\"Mobilni POS pisa\u010d OPTIPOS MOBI3 80\",\"isPartOf\":{\"@id\":\"https:\\\/\\\/www.optipos.net\\\/hr\\\/#website\"},\"primaryImageOfPage\":{\"@id\":\"https:\\\/\\\/www.optipos.net\\\/hr\\\/product\\\/mobilni-pos-pisac-optipos-mobi3-80\\\/#primaryimage\"},\"image\":{\"@id\":\"https:\\\/\\\/www.optipos.net\\\/hr\\\/product\\\/mobilni-pos-pisac-optipos-mobi3-80\\\/#primaryimage\"},\"thumbnailUrl\":\"https:\\\/\\\/www.optipos.net\\\/wp-content\\\/uploads\\\/2020\\\/05\\\/031080RPP300BU_MOBI3.jpg\",\"datePublished\":\"2020-05-21T12:01:45+00:00\",\"dateModified\":\"2020-09-10T09:56:58+00:00\",\"description\":\"Mobilni POS pisa\u010d OPTIPOS MOBI3 80\",\"breadcrumb\":{\"@id\":\"https:\\\/\\\/www.optipos.net\\\/hr\\\/product\\\/mobilni-pos-pisac-optipos-mobi3-80\\\/#breadcrumb\"},\"inLanguage\":\"hr\",\"potentialAction\":[{\"@type\":\"ReadAction\",\"target\":[\"https:\\\/\\\/www.optipos.net\\\/hr\\\/product\\\/mobilni-pos-pisac-optipos-mobi3-80\\\/\"]}]},{\"@type\":\"ImageObject\",\"inLanguage\":\"hr\",\"@id\":\"https:\\\/\\\/www.optipos.net\\\/hr\\\/product\\\/mobilni-pos-pisac-optipos-mobi3-80\\\/#primaryimage\",\"url\":\"https:\\\/\\\/www.optipos.net\\\/wp-content\\\/uploads\\\/2020\\\/05\\\/031080RPP300BU_MOBI3.jpg\",\"contentUrl\":\"https:\\\/\\\/www.optipos.net\\\/wp-content\\\/uploads\\\/2020\\\/05\\\/031080RPP300BU_MOBI3.jpg\",\"width\":661,\"height\":661,\"caption\":\"031080RPP300BU_MOBI3\"},{\"@type\":\"BreadcrumbList\",\"@id\":\"https:\\\/\\\/www.optipos.net\\\/hr\\\/product\\\/mobilni-pos-pisac-optipos-mobi3-80\\\/#breadcrumb\",\"itemListElement\":[{\"@type\":\"ListItem\",\"position\":1,\"name\":\"Home\",\"item\":\"https:\\\/\\\/www.optipos.net\\\/hr\\\/\"},{\"@type\":\"ListItem\",\"position\":2,\"name\":\"Shop\",\"item\":\"https:\\\/\\\/www.optipos.net\\\/hr\\\/shop\\\/\"},{\"@type\":\"ListItem\",\"position\":3,\"name\":\"Mobilni POS pisa\u010d OPTIPOS MOBI3 80\"}]},{\"@type\":\"WebSite\",\"@id\":\"https:\\\/\\\/www.optipos.net\\\/hr\\\/#website\",\"url\":\"https:\\\/\\\/www.optipos.net\\\/hr\\\/\",\"name\":\"Optipos\",\"description\":\"Blagajne\",\"publisher\":{\"@id\":\"https:\\\/\\\/www.optipos.net\\\/hr\\\/#organization\"},\"potentialAction\":[{\"@type\":\"SearchAction\",\"target\":{\"@type\":\"EntryPoint\",\"urlTemplate\":\"https:\\\/\\\/www.optipos.net\\\/hr\\\/?s={search_term_string}\"},\"query-input\":{\"@type\":\"PropertyValueSpecification\",\"valueRequired\":true,\"valueName\":\"search_term_string\"}}],\"inLanguage\":\"hr\"},{\"@type\":\"Organization\",\"@id\":\"https:\\\/\\\/www.optipos.net\\\/hr\\\/#organization\",\"name\":\"Optipos\",\"url\":\"https:\\\/\\\/www.optipos.net\\\/hr\\\/\",\"logo\":{\"@type\":\"ImageObject\",\"inLanguage\":\"hr\",\"@id\":\"https:\\\/\\\/www.optipos.net\\\/hr\\\/#\\\/schema\\\/logo\\\/image\\\/\",\"url\":\"https:\\\/\\\/www.optipos.net\\\/wp-content\\\/uploads\\\/2020\\\/03\\\/logotip_optipos_1.svg\",\"contentUrl\":\"https:\\\/\\\/www.optipos.net\\\/wp-content\\\/uploads\\\/2020\\\/03\\\/logotip_optipos_1.svg\",\"width\":240,\"height\":49,\"caption\":\"Optipos\"},\"image\":{\"@id\":\"https:\\\/\\\/www.optipos.net\\\/hr\\\/#\\\/schema\\\/logo\\\/image\\\/\"}}]}<\/script>\n<!-- \/ Yoast SEO Premium plugin. -->","yoast_head_json":{"title":"Mobilni POS pisa\u010d OPTIPOS MOBI3 80","description":"Mobilni POS pisa\u010d OPTIPOS MOBI3 80","robots":{"index":"index","follow":"follow","max-snippet":"max-snippet:-1","max-image-preview":"max-image-preview:large","max-video-preview":"max-video-preview:-1"},"canonical":"https:\/\/www.optipos.net\/hr\/product\/mobilni-pos-pisac-optipos-mobi3-80\/","og_locale":"hr_HR","og_type":"article","og_title":"Mobilni POS pisa\u010d OPTIPOS MOBI3 80","og_description":"Mobilni POS pisa\u010d OPTIPOS MOBI3 80","og_url":"https:\/\/www.optipos.net\/hr\/product\/mobilni-pos-pisac-optipos-mobi3-80\/","og_site_name":"Optipos","article_modified_time":"2020-09-10T09:56:58+00:00","og_image":[{"width":661,"height":661,"url":"https:\/\/www.optipos.net\/wp-content\/uploads\/2020\/05\/031080RPP300BU_MOBI3.jpg","type":"image\/jpeg"}],"twitter_card":"summary_large_image","schema":{"@context":"https:\/\/schema.org","@graph":[{"@type":"WebPage","@id":"https:\/\/www.optipos.net\/hr\/product\/mobilni-pos-pisac-optipos-mobi3-80\/","url":"https:\/\/www.optipos.net\/hr\/product\/mobilni-pos-pisac-optipos-mobi3-80\/","name":"Mobilni POS pisa\u010d OPTIPOS MOBI3 80","isPartOf":{"@id":"https:\/\/www.optipos.net\/hr\/#website"},"primaryImageOfPage":{"@id":"https:\/\/www.optipos.net\/hr\/product\/mobilni-pos-pisac-optipos-mobi3-80\/#primaryimage"},"image":{"@id":"https:\/\/www.optipos.net\/hr\/product\/mobilni-pos-pisac-optipos-mobi3-80\/#primaryimage"},"thumbnailUrl":"https:\/\/www.optipos.net\/wp-content\/uploads\/2020\/05\/031080RPP300BU_MOBI3.jpg","datePublished":"2020-05-21T12:01:45+00:00","dateModified":"2020-09-10T09:56:58+00:00","description":"Mobilni POS pisa\u010d OPTIPOS MOBI3 80","breadcrumb":{"@id":"https:\/\/www.optipos.net\/hr\/product\/mobilni-pos-pisac-optipos-mobi3-80\/#breadcrumb"},"inLanguage":"hr","potentialAction":[{"@type":"ReadAction","target":["https:\/\/www.optipos.net\/hr\/product\/mobilni-pos-pisac-optipos-mobi3-80\/"]}]},{"@type":"ImageObject","inLanguage":"hr","@id":"https:\/\/www.optipos.net\/hr\/product\/mobilni-pos-pisac-optipos-mobi3-80\/#primaryimage","url":"https:\/\/www.optipos.net\/wp-content\/uploads\/2020\/05\/031080RPP300BU_MOBI3.jpg","contentUrl":"https:\/\/www.optipos.net\/wp-content\/uploads\/2020\/05\/031080RPP300BU_MOBI3.jpg","width":661,"height":661,"caption":"031080RPP300BU_MOBI3"},{"@type":"BreadcrumbList","@id":"https:\/\/www.optipos.net\/hr\/product\/mobilni-pos-pisac-optipos-mobi3-80\/#breadcrumb","itemListElement":[{"@type":"ListItem","position":1,"name":"Home","item":"https:\/\/www.optipos.net\/hr\/"},{"@type":"ListItem","position":2,"name":"Shop","item":"https:\/\/www.optipos.net\/hr\/shop\/"},{"@type":"ListItem","position":3,"name":"Mobilni POS pisa\u010d OPTIPOS MOBI3 80"}]},{"@type":"WebSite","@id":"https:\/\/www.optipos.net\/hr\/#website","url":"https:\/\/www.optipos.net\/hr\/","name":"Optipos","description":"Blagajne","publisher":{"@id":"https:\/\/www.optipos.net\/hr\/#organization"},"potentialAction":[{"@type":"SearchAction","target":{"@type":"EntryPoint","urlTemplate":"https:\/\/www.optipos.net\/hr\/?s={search_term_string}"},"query-input":{"@type":"PropertyValueSpecification","valueRequired":true,"valueName":"search_term_string"}}],"inLanguage":"hr"},{"@type":"Organization","@id":"https:\/\/www.optipos.net\/hr\/#organization","name":"Optipos","url":"https:\/\/www.optipos.net\/hr\/","logo":{"@type":"ImageObject","inLanguage":"hr","@id":"https:\/\/www.optipos.net\/hr\/#\/schema\/logo\/image\/","url":"https:\/\/www.optipos.net\/wp-content\/uploads\/2020\/03\/logotip_optipos_1.svg","contentUrl":"https:\/\/www.optipos.net\/wp-content\/uploads\/2020\/03\/logotip_optipos_1.svg","width":240,"height":49,"caption":"Optipos"},"image":{"@id":"https:\/\/www.optipos.net\/hr\/#\/schema\/logo\/image\/"}}]}},"_links":{"self":[{"href":"https:\/\/www.optipos.net\/hr\/wp-json\/wp\/v2\/product\/1974","targetHints":{"allow":["GET"]}}],"collection":[{"href":"https:\/\/www.optipos.net\/hr\/wp-json\/wp\/v2\/product"}],"about":[{"href":"https:\/\/www.optipos.net\/hr\/wp-json\/wp\/v2\/types\/product"}],"wp:featuredmedia":[{"embeddable":true,"href":"https:\/\/www.optipos.net\/hr\/wp-json\/wp\/v2\/media\/1586"}],"wp:attachment":[{"href":"https:\/\/www.optipos.net\/hr\/wp-json\/wp\/v2\/media?parent=1974"}],"wp:term":[{"taxonomy":"product_brand","embeddable":true,"href":"https:\/\/www.optipos.net\/hr\/wp-json\/wp\/v2\/product_brand?post=1974"},{"taxonomy":"product_cat","embeddable":true,"href":"https:\/\/www.optipos.net\/hr\/wp-json\/wp\/v2\/product_cat?post=1974"},{"taxonomy":"product_tag","embeddable":true,"href":"https:\/\/www.optipos.net\/hr\/wp-json\/wp\/v2\/product_tag?post=1974"}],"curies":[{"name":"wp","href":"https:\/\/api.w.org\/{rel}","templated":true}]}}